{"id":246,"date":"2020-05-04T07:36:48","date_gmt":"2020-05-04T07:36:48","guid":{"rendered":"http:\/\/www.deltaostrea.com\/atelier\/"},"modified":"2024-02-19T13:28:18","modified_gmt":"2024-02-19T13:28:18","slug":"atelier","status":"publish","type":"page","link":"https:\/\/www.deltaostrea.com\/fr\/atelier\/","title":{"rendered":"Atelier"},"content":{"rendered":"<p>Apr\u00e8s avoir d\u00e9gorg\u00e9 et \u00e9t\u00e9 lav\u00e9es dans l\u2019eau pure de l\u2019Escaut Oriental, nos hu\u00eetres sont conditionn\u00e9es dans notre Atelier. L\u2019emballage est fait selon une m\u00e9thode que nous avons-nous-m\u00eames d\u00e9velopp\u00e9e et chaque panier contient une \u00e9tiquette pr\u00e9cisant le nom de la personne qui a emball\u00e9 les hu\u00eetres.<\/p>\n","protected":false},"excerpt":{"rendered":"<p>Apr\u00e8s avoir d\u00e9gorg\u00e9 et \u00e9t\u00e9 lav\u00e9es dans l\u2019eau pure de l\u2019Escaut Oriental, nos hu\u00eetres sont conditionn\u00e9es dans notre Atelier. L\u2019emballage est fait selon une m\u00e9thode que nous avons-nous-m\u00eames d\u00e9velopp\u00e9e et chaque panier contient une \u00e9tiquette pr\u00e9cisant le nom de la personne qui a emball\u00e9 les hu\u00eetres.<\/p>\n","protected":false},"author":1,"featured_media":0,"parent":0,"menu_order":3,"comment_status":"closed","ping_status":"closed","template":"","meta":{"_acf_changed":false,"footnotes":""},"acf":[],"yoast_head":"<!-- This site is optimized with the Yoast SEO plugin v22.0 - https:\/\/yoast.com\/wordpress\/plugins\/seo\/ -->\n<title>Atelier - Delta Ostrea<\/title>\n<meta name=\"robots\" content=\"index, follow, max-snippet:-1, max-image-preview:large, max-video-preview:-1\" \/>\n<link rel=\"canonical\" href=\"https:\/\/www.deltaostrea.com\/fr\/atelier\/\" \/>\n<meta property=\"og:locale\" content=\"fr_FR\" \/>\n<meta property=\"og:type\" content=\"article\" \/>\n<meta property=\"og:title\" content=\"Atelier - Delta Ostrea\" \/>\n<meta property=\"og:description\" content=\"Apr\u00e8s avoir d\u00e9gorg\u00e9 et \u00e9t\u00e9 lav\u00e9es dans l\u2019eau pure de l\u2019Escaut Oriental, nos hu\u00eetres sont conditionn\u00e9es dans notre Atelier. L\u2019emballage est fait selon une m\u00e9thode que nous avons-nous-m\u00eames d\u00e9velopp\u00e9e et chaque panier contient une \u00e9tiquette pr\u00e9cisant le nom de la personne qui a emball\u00e9 les hu\u00eetres.\" \/>\n<meta property=\"og:url\" content=\"https:\/\/www.deltaostrea.com\/fr\/atelier\/\" \/>\n<meta property=\"og:site_name\" content=\"Delta Ostrea\" \/>\n<meta property=\"article:modified_time\" content=\"2024-02-19T13:28:18+00:00\" \/>\n<meta name=\"twitter:card\" content=\"summary_large_image\" \/>\n<meta name=\"twitter:label1\" content=\"Dur\u00e9e de lecture estim\u00e9e\" \/>\n\t<meta name=\"twitter:data1\" content=\"1 minute\" \/>\n<script type=\"application\/ld+json\" class=\"yoast-schema-graph\">{\"@context\":\"https:\/\/schema.org\",\"@graph\":[{\"@type\":\"WebPage\",\"@id\":\"https:\/\/www.deltaostrea.com\/fr\/atelier\/\",\"url\":\"https:\/\/www.deltaostrea.com\/fr\/atelier\/\",\"name\":\"Atelier - Delta Ostrea\",\"isPartOf\":{\"@id\":\"https:\/\/www.deltaostrea.com\/#website\"},\"datePublished\":\"2020-05-04T07:36:48+00:00\",\"dateModified\":\"2024-02-19T13:28:18+00:00\",\"breadcrumb\":{\"@id\":\"https:\/\/www.deltaostrea.com\/fr\/atelier\/#breadcrumb\"},\"inLanguage\":\"fr-FR\",\"potentialAction\":[{\"@type\":\"ReadAction\",\"target\":[\"https:\/\/www.deltaostrea.com\/fr\/atelier\/\"]}]},{\"@type\":\"BreadcrumbList\",\"@id\":\"https:\/\/www.deltaostrea.com\/fr\/atelier\/#breadcrumb\",\"itemListElement\":[{\"@type\":\"ListItem\",\"position\":1,\"name\":\"Home\",\"item\":\"https:\/\/www.deltaostrea.com\/fr\/\"},{\"@type\":\"ListItem\",\"position\":2,\"name\":\"Atelier\"}]},{\"@type\":\"WebSite\",\"@id\":\"https:\/\/www.deltaostrea.com\/#website\",\"url\":\"https:\/\/www.deltaostrea.com\/\",\"name\":\"Delta Ostrea\",\"description\":\"En nog een WordPress site\",\"potentialAction\":[{\"@type\":\"SearchAction\",\"target\":{\"@type\":\"EntryPoint\",\"urlTemplate\":\"https:\/\/www.deltaostrea.com\/?s={search_term_string}\"},\"query-input\":\"required name=search_term_string\"}],\"inLanguage\":\"fr-FR\"}]}<\/script>\n<!-- \/ Yoast SEO plugin. -->","yoast_head_json":{"title":"Atelier - Delta Ostrea","robots":{"index":"index","follow":"follow","max-snippet":"max-snippet:-1","max-image-preview":"max-image-preview:large","max-video-preview":"max-video-preview:-1"},"canonical":"https:\/\/www.deltaostrea.com\/fr\/atelier\/","og_locale":"fr_FR","og_type":"article","og_title":"Atelier - Delta Ostrea","og_description":"Apr\u00e8s avoir d\u00e9gorg\u00e9 et \u00e9t\u00e9 lav\u00e9es dans l\u2019eau pure de l\u2019Escaut Oriental, nos hu\u00eetres sont conditionn\u00e9es dans notre Atelier. L\u2019emballage est fait selon une m\u00e9thode que nous avons-nous-m\u00eames d\u00e9velopp\u00e9e et chaque panier contient une \u00e9tiquette pr\u00e9cisant le nom de la personne qui a emball\u00e9 les hu\u00eetres.","og_url":"https:\/\/www.deltaostrea.com\/fr\/atelier\/","og_site_name":"Delta Ostrea","article_modified_time":"2024-02-19T13:28:18+00:00","twitter_card":"summary_large_image","twitter_misc":{"Dur\u00e9e de lecture estim\u00e9e":"1 minute"},"schema":{"@context":"https:\/\/schema.org","@graph":[{"@type":"WebPage","@id":"https:\/\/www.deltaostrea.com\/fr\/atelier\/","url":"https:\/\/www.deltaostrea.com\/fr\/atelier\/","name":"Atelier - Delta Ostrea","isPartOf":{"@id":"https:\/\/www.deltaostrea.com\/#website"},"datePublished":"2020-05-04T07:36:48+00:00","dateModified":"2024-02-19T13:28:18+00:00","breadcrumb":{"@id":"https:\/\/www.deltaostrea.com\/fr\/atelier\/#breadcrumb"},"inLanguage":"fr-FR","potentialAction":[{"@type":"ReadAction","target":["https:\/\/www.deltaostrea.com\/fr\/atelier\/"]}]},{"@type":"BreadcrumbList","@id":"https:\/\/www.deltaostrea.com\/fr\/atelier\/#breadcrumb","itemListElement":[{"@type":"ListItem","position":1,"name":"Home","item":"https:\/\/www.deltaostrea.com\/fr\/"},{"@type":"ListItem","position":2,"name":"Atelier"}]},{"@type":"WebSite","@id":"https:\/\/www.deltaostrea.com\/#website","url":"https:\/\/www.deltaostrea.com\/","name":"Delta Ostrea","description":"En nog een WordPress site","potentialAction":[{"@type":"SearchAction","target":{"@type":"EntryPoint","urlTemplate":"https:\/\/www.deltaostrea.com\/?s={search_term_string}"},"query-input":"required name=search_term_string"}],"inLanguage":"fr-FR"}]}},"_links":{"self":[{"href":"https:\/\/www.deltaostrea.com\/fr\/wp-json\/wp\/v2\/pages\/246"}],"collection":[{"href":"https:\/\/www.deltaostrea.com\/fr\/wp-json\/wp\/v2\/pages"}],"about":[{"href":"https:\/\/www.deltaostrea.com\/fr\/wp-json\/wp\/v2\/types\/page"}],"author":[{"embeddable":true,"href":"https:\/\/www.deltaostrea.com\/fr\/wp-json\/wp\/v2\/users\/1"}],"replies":[{"embeddable":true,"href":"https:\/\/www.deltaostrea.com\/fr\/wp-json\/wp\/v2\/comments?post=246"}],"version-history":[{"count":0,"href":"https:\/\/www.deltaostrea.com\/fr\/wp-json\/wp\/v2\/pages\/246\/revisions"}],"wp:attachment":[{"href":"https:\/\/www.deltaostrea.com\/fr\/wp-json\/wp\/v2\/media?parent=246"}],"curies":[{"name":"wp","href":"https:\/\/api.w.org\/{rel}","templated":true}]}}